{"id":163,"date":"2016-03-14T16:49:15","date_gmt":"2016-03-14T16:49:15","guid":{"rendered":"https:\/\/mensajedepublicidad.com\/realidadaumentada\/?page_id=163"},"modified":"2024-05-20T17:58:21","modified_gmt":"2024-05-20T15:58:21","slug":"realidad-aumentada","status":"publish","type":"page","link":"https:\/\/mensajedepublicidad.com\/realidadaumentada\/realidad-aumentada\/","title":{"rendered":"Realidad Aumentada"},"content":{"rendered":"<p>[et_pb_section fb_built=\u00bb1&#8243; inner_shadow=\u00bbon\u00bb fullwidth=\u00bbon\u00bb custom_padding_last_edited=\u00bbon|desktop\u00bb _builder_version=\u00bb4.17.4&#8243; background_enable_pattern_style=\u00bbon\u00bb background_pattern_style=\u00bbcubes\u00bb background_pattern_color=\u00bbrgba(0,0,0,0.49)\u00bb custom_padding_tablet=\u00bb50px|0|50px|0&#8243; custom_padding_phone=\u00bb\u00bb bottom_divider_style=\u00bbarrow\u00bb bottom_divider_color=\u00bb#ffffff\u00bb padding_mobile=\u00bboff\u00bb global_colors_info=\u00bb{}\u00bb][et_pb_fullwidth_header title=\u00bbREALIDAD AUMENTADA\u00bb subhead=\u00bbDerribando la frontera del mundo digital\u00bb text_orientation=\u00bbcenter\u00bb header_fullscreen=\u00bbon\u00bb background_overlay_color=\u00bbrgba(0,0,0,0.56)\u00bb logo_image_url=\u00bbhttps:\/\/mensajedepublicidad.com\/realidadaumentada\/wp-content\/uploads\/2016\/03\/RA.png\u00bb content_max_width=\u00bbnone\u00bb title_font_color=\u00bb#f9c300&#8243; _builder_version=\u00bb4.17.4&#8243; title_text_color=\u00bb#f9c300&#8243; title_letter_spacing=\u00bb10px\u00bb background_color=\u00bb#f7c922&#8243; background_image=\u00bbhttps:\/\/mensajedepublicidad.com\/realidadaumentada\/wp-content\/uploads\/2016\/03\/realidad-aumentada.png\u00bb parallax=\u00bbon\u00bb parallax_method=\u00bbon\u00bb background_url=\u00bbhttps:\/\/mensajedepublicidad.com\/realidadaumentada\/wp-content\/uploads\/2016\/03\/realidad-aumentada.png\u00bb button_one_letter_spacing_hover=\u00bb0&#8243; button_two_letter_spacing_hover=\u00bb0&#8243; global_colors_info=\u00bb{}\u00bb button_one_text_size__hover_enabled=\u00bboff\u00bb button_two_text_size__hover_enabled=\u00bboff\u00bb button_one_text_color__hover_enabled=\u00bboff\u00bb button_two_text_color__hover_enabled=\u00bboff\u00bb button_one_border_width__hover_enabled=\u00bboff\u00bb button_two_border_width__hover_enabled=\u00bboff\u00bb button_one_border_color__hover_enabled=\u00bboff\u00bb button_two_border_color__hover_enabled=\u00bboff\u00bb button_one_border_radius__hover_enabled=\u00bboff\u00bb button_two_border_radius__hover_enabled=\u00bboff\u00bb button_one_letter_spacing__hover_enabled=\u00bbon\u00bb button_one_letter_spacing__hover=\u00bb0&#8243; button_two_letter_spacing__hover_enabled=\u00bbon\u00bb button_two_letter_spacing__hover=\u00bb0&#8243; button_one_bg_color__hover_enabled=\u00bboff\u00bb button_two_bg_color__hover_enabled=\u00bboff\u00bb][\/et_pb_fullwidth_header][\/et_pb_section][et_pb_section fb_built=\u00bb1&#8243; _builder_version=\u00bb4.16&#8243; global_colors_info=\u00bb{}\u00bb][et_pb_row column_structure=\u00bb1_2,1_2&#8243; _builder_version=\u00bb4.16&#8243; background_size=\u00bbinitial\u00bb background_position=\u00bbtop_left\u00bb background_repeat=\u00bbrepeat\u00bb global_colors_info=\u00bb{}\u00bb][et_pb_column type=\u00bb1_2&#8243; _builder_version=\u00bb4.16&#8243; custom_padding=\u00bb|||\u00bb global_colors_info=\u00bb{}\u00bb custom_padding__hover=\u00bb|||\u00bb][et_pb_text _builder_version=\u00bb4.16&#8243; background_size=\u00bbinitial\u00bb background_position=\u00bbtop_left\u00bb background_repeat=\u00bbrepeat\u00bb use_border_color=\u00bboff\u00bb border_color=\u00bb#ffffff\u00bb border_style=\u00bbsolid\u00bb global_colors_info=\u00bb{}\u00bb]<\/p>\n<h2>\u00bfQu\u00e9 es la Realidad Aumentada?<\/h2>\n<p>[\/et_pb_text][et_pb_text _builder_version=\u00bb4.16&#8243; background_size=\u00bbinitial\u00bb background_position=\u00bbtop_left\u00bb background_repeat=\u00bbrepeat\u00bb use_border_color=\u00bboff\u00bb border_color=\u00bb#ffffff\u00bb border_style=\u00bbsolid\u00bb global_colors_info=\u00bb{}\u00bb]La Realidad Aumentada nos permite integrar o cambiar en nuestro entorno f\u00edsico elementos virtuales a trav\u00e9s de equipos tecnol\u00f3gicos en tiempo real.<\/p>\n<p>Con las \u00faltimas tecnolog\u00edas aportamos m\u00e1s informaci\u00f3n adem\u00e1s de una imagen casi real.<br \/>\n[\/et_pb_text][et_pb_button button_url=\u00bbhttps:\/\/mensajedepublicidad.com\/realidadaumentada\/contacto\/\u00bb button_text=\u00bbSolicitar una demostraci\u00f3n\u00bb button_alignment=\u00bbleft\u00bb _builder_version=\u00bb4.16&#8243; custom_button=\u00bbon\u00bb button_text_color=\u00bb#3a3a3a\u00bb button_bg_color=\u00bb#f9c300&#8243; button_border_width=\u00bb0&#8243; button_border_color=\u00bb#f7c922&#8243; button_icon_color=\u00bb#f9c300&#8243; button_border_color_hover=\u00bb#f9c300&#8243; button_letter_spacing_hover=\u00bb0&#8243; button_bg_color_hover=\u00bb#ffffff\u00bb global_colors_info=\u00bb{}\u00bb button_text_size__hover_enabled=\u00bboff\u00bb button_one_text_size__hover_enabled=\u00bboff\u00bb button_two_text_size__hover_enabled=\u00bboff\u00bb button_text_color__hover_enabled=\u00bboff\u00bb button_one_text_color__hover_enabled=\u00bboff\u00bb button_two_text_color__hover_enabled=\u00bboff\u00bb button_border_width__hover_enabled=\u00bboff\u00bb button_one_border_width__hover_enabled=\u00bboff\u00bb button_two_border_width__hover_enabled=\u00bboff\u00bb button_border_color__hover_enabled=\u00bbon\u00bb button_border_color__hover=\u00bb#f9c300&#8243; button_one_border_color__hover_enabled=\u00bboff\u00bb button_two_border_color__hover_enabled=\u00bboff\u00bb button_border_radius__hover_enabled=\u00bboff\u00bb button_one_border_radius__hover_enabled=\u00bboff\u00bb button_two_border_radius__hover_enabled=\u00bboff\u00bb button_letter_spacing__hover_enabled=\u00bbon\u00bb button_letter_spacing__hover=\u00bb0&#8243; button_one_letter_spacing__hover_enabled=\u00bboff\u00bb button_two_letter_spacing__hover_enabled=\u00bboff\u00bb button_bg_color__hover_enabled=\u00bbon\u00bb button_bg_color__hover=\u00bb#ffffff\u00bb button_one_bg_color__hover_enabled=\u00bboff\u00bb button_two_bg_color__hover_enabled=\u00bboff\u00bb][\/et_pb_button][\/et_pb_column][et_pb_column type=\u00bb1_2&#8243; _builder_version=\u00bb4.16&#8243; custom_padding=\u00bb|||\u00bb global_colors_info=\u00bb{}\u00bb custom_padding__hover=\u00bb|||\u00bb][et_pb_image src=\u00bbhttps:\/\/mensajedepublicidad.com\/realidadaumentada\/wp-content\/uploads\/2016\/03\/REalidad-aumentada.png\u00bb align_tablet=\u00bbcenter\u00bb align_phone=\u00bb\u00bb align_last_edited=\u00bbon|desktop\u00bb _builder_version=\u00bb4.16&#8243; animation_style=\u00bbfade\u00bb animation_duration=\u00bb500ms\u00bb use_border_color=\u00bboff\u00bb border_color=\u00bb#ffffff\u00bb border_style=\u00bbsolid\u00bb animation=\u00bbfade_in\u00bb sticky=\u00bboff\u00bb always_center_on_mobile=\u00bbon\u00bb global_colors_info=\u00bb{}\u00bb][\/et_pb_image][\/et_pb_column][\/et_pb_row][\/et_pb_section][et_pb_section fb_built=\u00bb1&#8243; fullwidth=\u00bbon\u00bb custom_padding_last_edited=\u00bbon|desktop\u00bb _builder_version=\u00bb4.16&#8243; background_color=\u00bb#f9c300&#8243; custom_padding_tablet=\u00bb50px|0|50px|0&#8243; custom_padding_phone=\u00bb\u00bb transparent_background=\u00bboff\u00bb padding_mobile=\u00bboff\u00bb make_fullwidth=\u00bboff\u00bb use_custom_width=\u00bboff\u00bb width_unit=\u00bbon\u00bb global_colors_info=\u00bb{}\u00bb][et_pb_fullwidth_portfolio fullwidth=\u00bboff\u00bb include_categories=\u00bb2&#8243; posts_number=\u00bb14&#8243; show_date=\u00bboff\u00bb zoom_icon_color=\u00bb#f7c922&#8243; hover_overlay_color=\u00bbrgba(76,59,9,0.7)\u00bb hover_icon=\u00bb&#x49;||divi||400&#8243; _builder_version=\u00bb4.16&#8243; background_size=\u00bbinitial\u00bb background_position=\u00bbtop_left\u00bb background_repeat=\u00bbrepeat\u00bb background_layout=\u00bbdark\u00bb use_border_color=\u00bboff\u00bb border_color=\u00bb#ffffff\u00bb border_style=\u00bbsolid\u00bb global_colors_info=\u00bb{}\u00bb][\/et_pb_fullwidth_portfolio][\/et_pb_section]<\/p>\n","protected":false},"excerpt":{"rendered":"<p>\u00bfQu\u00e9 es la Realidad Aumentada? La Realidad Aumentada nos permite integrar o cambiar en nuestro entorno f\u00edsico elementos virtuales a trav\u00e9s de equipos tecnol\u00f3gicos en tiempo real. Con las \u00faltimas tecnolog\u00edas aportamos m\u00e1s informaci\u00f3n adem\u00e1s de una imagen casi real.<\/p>\n","protected":false},"author":1,"featured_media":164,"parent":0,"menu_order":0,"comment_status":"closed","ping_status":"closed","template":"","meta":{"_et_pb_use_builder":"on","_et_pb_old_content":"","_et_gb_content_width":"","footnotes":""},"class_list":["post-163","page","type-page","status-publish","has-post-thumbnail","hentry"],"yoast_head":"<!-- This site is optimized with the Yoast SEO plugin v27.5 - https:\/\/yoast.com\/product\/yoast-seo-wordpress\/ -->\n<title>Realidad Aumentada - Mensaje RA<\/title>\n<meta name=\"description\" content=\"La Realidad Aumentada nos permite integrar o cambiar en nuestro entorno f\u00edsico elementos virtuales a trav\u00e9s de equipos tecnol\u00f3gicos en tiempo real.\" \/>\n<meta name=\"robots\" content=\"index, follow, max-snippet:-1, max-image-preview:large, max-video-preview:-1\" \/>\n<link rel=\"canonical\" href=\"https:\/\/mensajedepublicidad.com\/realidadaumentada\/realidad-aumentada\/\" \/>\n<meta property=\"og:locale\" content=\"es_ES\" \/>\n<meta property=\"og:type\" content=\"article\" \/>\n<meta property=\"og:title\" content=\"Realidad Aumentada - Mensaje RA\" \/>\n<meta property=\"og:description\" content=\"La Realidad Aumentada nos permite integrar o cambiar en nuestro entorno f\u00edsico elementos virtuales a trav\u00e9s de equipos tecnol\u00f3gicos en tiempo real.\" \/>\n<meta property=\"og:url\" content=\"https:\/\/mensajedepublicidad.com\/realidadaumentada\/realidad-aumentada\/\" \/>\n<meta property=\"og:site_name\" content=\"Mensaje RA\" \/>\n<meta property=\"article:modified_time\" content=\"2024-05-20T15:58:21+00:00\" \/>\n<meta property=\"og:image\" content=\"https:\/\/mensajedepublicidad.com\/realidadaumentada\/wp-content\/uploads\/2016\/03\/realidad-aumentada.png\" \/>\n\t<meta property=\"og:image:width\" content=\"561\" \/>\n\t<meta property=\"og:image:height\" content=\"340\" \/>\n\t<meta property=\"og:image:type\" content=\"image\/png\" \/>\n<meta name=\"twitter:card\" content=\"summary_large_image\" \/>\n<meta name=\"twitter:label1\" content=\"Tiempo de lectura\" \/>\n\t<meta name=\"twitter:data1\" content=\"4 minutos\" \/>\n<script type=\"application\/ld+json\" class=\"yoast-schema-graph\">{\"@context\":\"https:\\\/\\\/schema.org\",\"@graph\":[{\"@type\":\"WebPage\",\"@id\":\"https:\\\/\\\/mensajedepublicidad.com\\\/realidadaumentada\\\/realidad-aumentada\\\/\",\"url\":\"https:\\\/\\\/mensajedepublicidad.com\\\/realidadaumentada\\\/realidad-aumentada\\\/\",\"name\":\"Realidad Aumentada - Mensaje RA\",\"isPartOf\":{\"@id\":\"https:\\\/\\\/mensajedepublicidad.com\\\/realidadaumentada\\\/#website\"},\"primaryImageOfPage\":{\"@id\":\"https:\\\/\\\/mensajedepublicidad.com\\\/realidadaumentada\\\/realidad-aumentada\\\/#primaryimage\"},\"image\":{\"@id\":\"https:\\\/\\\/mensajedepublicidad.com\\\/realidadaumentada\\\/realidad-aumentada\\\/#primaryimage\"},\"thumbnailUrl\":\"https:\\\/\\\/mensajedepublicidad.com\\\/realidadaumentada\\\/wp-content\\\/uploads\\\/2016\\\/03\\\/realidad-aumentada.png\",\"datePublished\":\"2016-03-14T16:49:15+00:00\",\"dateModified\":\"2024-05-20T15:58:21+00:00\",\"description\":\"La Realidad Aumentada nos permite integrar o cambiar en nuestro entorno f\u00edsico elementos virtuales a trav\u00e9s de equipos tecnol\u00f3gicos en tiempo real.\",\"breadcrumb\":{\"@id\":\"https:\\\/\\\/mensajedepublicidad.com\\\/realidadaumentada\\\/realidad-aumentada\\\/#breadcrumb\"},\"inLanguage\":\"es\",\"potentialAction\":[{\"@type\":\"ReadAction\",\"target\":[\"https:\\\/\\\/mensajedepublicidad.com\\\/realidadaumentada\\\/realidad-aumentada\\\/\"]}]},{\"@type\":\"ImageObject\",\"inLanguage\":\"es\",\"@id\":\"https:\\\/\\\/mensajedepublicidad.com\\\/realidadaumentada\\\/realidad-aumentada\\\/#primaryimage\",\"url\":\"https:\\\/\\\/mensajedepublicidad.com\\\/realidadaumentada\\\/wp-content\\\/uploads\\\/2016\\\/03\\\/realidad-aumentada.png\",\"contentUrl\":\"https:\\\/\\\/mensajedepublicidad.com\\\/realidadaumentada\\\/wp-content\\\/uploads\\\/2016\\\/03\\\/realidad-aumentada.png\",\"width\":561,\"height\":340,\"caption\":\"Realidad aumentada\"},{\"@type\":\"BreadcrumbList\",\"@id\":\"https:\\\/\\\/mensajedepublicidad.com\\\/realidadaumentada\\\/realidad-aumentada\\\/#breadcrumb\",\"itemListElement\":[{\"@type\":\"ListItem\",\"position\":1,\"name\":\"Portada\",\"item\":\"https:\\\/\\\/mensajedepublicidad.com\\\/realidadaumentada\\\/\"},{\"@type\":\"ListItem\",\"position\":2,\"name\":\"Realidad Aumentada\"}]},{\"@type\":\"WebSite\",\"@id\":\"https:\\\/\\\/mensajedepublicidad.com\\\/realidadaumentada\\\/#website\",\"url\":\"https:\\\/\\\/mensajedepublicidad.com\\\/realidadaumentada\\\/\",\"name\":\"Mensaje RA\",\"description\":\"Accede a la Realidad Aumentada con Mensaje\",\"potentialAction\":[{\"@type\":\"SearchAction\",\"target\":{\"@type\":\"EntryPoint\",\"urlTemplate\":\"https:\\\/\\\/mensajedepublicidad.com\\\/realidadaumentada\\\/?s={search_term_string}\"},\"query-input\":{\"@type\":\"PropertyValueSpecification\",\"valueRequired\":true,\"valueName\":\"search_term_string\"}}],\"inLanguage\":\"es\"}]}<\/script>\n<!-- \/ Yoast SEO plugin. -->","yoast_head_json":{"title":"Realidad Aumentada - Mensaje RA","description":"La Realidad Aumentada nos permite integrar o cambiar en nuestro entorno f\u00edsico elementos virtuales a trav\u00e9s de equipos tecnol\u00f3gicos en tiempo real.","robots":{"index":"index","follow":"follow","max-snippet":"max-snippet:-1","max-image-preview":"max-image-preview:large","max-video-preview":"max-video-preview:-1"},"canonical":"https:\/\/mensajedepublicidad.com\/realidadaumentada\/realidad-aumentada\/","og_locale":"es_ES","og_type":"article","og_title":"Realidad Aumentada - Mensaje RA","og_description":"La Realidad Aumentada nos permite integrar o cambiar en nuestro entorno f\u00edsico elementos virtuales a trav\u00e9s de equipos tecnol\u00f3gicos en tiempo real.","og_url":"https:\/\/mensajedepublicidad.com\/realidadaumentada\/realidad-aumentada\/","og_site_name":"Mensaje RA","article_modified_time":"2024-05-20T15:58:21+00:00","og_image":[{"width":561,"height":340,"url":"https:\/\/mensajedepublicidad.com\/realidadaumentada\/wp-content\/uploads\/2016\/03\/realidad-aumentada.png","type":"image\/png"}],"twitter_card":"summary_large_image","twitter_misc":{"Tiempo de lectura":"4 minutos"},"schema":{"@context":"https:\/\/schema.org","@graph":[{"@type":"WebPage","@id":"https:\/\/mensajedepublicidad.com\/realidadaumentada\/realidad-aumentada\/","url":"https:\/\/mensajedepublicidad.com\/realidadaumentada\/realidad-aumentada\/","name":"Realidad Aumentada - Mensaje RA","isPartOf":{"@id":"https:\/\/mensajedepublicidad.com\/realidadaumentada\/#website"},"primaryImageOfPage":{"@id":"https:\/\/mensajedepublicidad.com\/realidadaumentada\/realidad-aumentada\/#primaryimage"},"image":{"@id":"https:\/\/mensajedepublicidad.com\/realidadaumentada\/realidad-aumentada\/#primaryimage"},"thumbnailUrl":"https:\/\/mensajedepublicidad.com\/realidadaumentada\/wp-content\/uploads\/2016\/03\/realidad-aumentada.png","datePublished":"2016-03-14T16:49:15+00:00","dateModified":"2024-05-20T15:58:21+00:00","description":"La Realidad Aumentada nos permite integrar o cambiar en nuestro entorno f\u00edsico elementos virtuales a trav\u00e9s de equipos tecnol\u00f3gicos en tiempo real.","breadcrumb":{"@id":"https:\/\/mensajedepublicidad.com\/realidadaumentada\/realidad-aumentada\/#breadcrumb"},"inLanguage":"es","potentialAction":[{"@type":"ReadAction","target":["https:\/\/mensajedepublicidad.com\/realidadaumentada\/realidad-aumentada\/"]}]},{"@type":"ImageObject","inLanguage":"es","@id":"https:\/\/mensajedepublicidad.com\/realidadaumentada\/realidad-aumentada\/#primaryimage","url":"https:\/\/mensajedepublicidad.com\/realidadaumentada\/wp-content\/uploads\/2016\/03\/realidad-aumentada.png","contentUrl":"https:\/\/mensajedepublicidad.com\/realidadaumentada\/wp-content\/uploads\/2016\/03\/realidad-aumentada.png","width":561,"height":340,"caption":"Realidad aumentada"},{"@type":"BreadcrumbList","@id":"https:\/\/mensajedepublicidad.com\/realidadaumentada\/realidad-aumentada\/#breadcrumb","itemListElement":[{"@type":"ListItem","position":1,"name":"Portada","item":"https:\/\/mensajedepublicidad.com\/realidadaumentada\/"},{"@type":"ListItem","position":2,"name":"Realidad Aumentada"}]},{"@type":"WebSite","@id":"https:\/\/mensajedepublicidad.com\/realidadaumentada\/#website","url":"https:\/\/mensajedepublicidad.com\/realidadaumentada\/","name":"Mensaje RA","description":"Accede a la Realidad Aumentada con Mensaje","potentialAction":[{"@type":"SearchAction","target":{"@type":"EntryPoint","urlTemplate":"https:\/\/mensajedepublicidad.com\/realidadaumentada\/?s={search_term_string}"},"query-input":{"@type":"PropertyValueSpecification","valueRequired":true,"valueName":"search_term_string"}}],"inLanguage":"es"}]}},"_links":{"self":[{"href":"https:\/\/mensajedepublicidad.com\/realidadaumentada\/wp-json\/wp\/v2\/pages\/163","targetHints":{"allow":["GET"]}}],"collection":[{"href":"https:\/\/mensajedepublicidad.com\/realidadaumentada\/wp-json\/wp\/v2\/pages"}],"about":[{"href":"https:\/\/mensajedepublicidad.com\/realidadaumentada\/wp-json\/wp\/v2\/types\/page"}],"author":[{"embeddable":true,"href":"https:\/\/mensajedepublicidad.com\/realidadaumentada\/wp-json\/wp\/v2\/users\/1"}],"replies":[{"embeddable":true,"href":"https:\/\/mensajedepublicidad.com\/realidadaumentada\/wp-json\/wp\/v2\/comments?post=163"}],"version-history":[{"count":0,"href":"https:\/\/mensajedepublicidad.com\/realidadaumentada\/wp-json\/wp\/v2\/pages\/163\/revisions"}],"wp:featuredmedia":[{"embeddable":true,"href":"https:\/\/mensajedepublicidad.com\/realidadaumentada\/wp-json\/wp\/v2\/media\/164"}],"wp:attachment":[{"href":"https:\/\/mensajedepublicidad.com\/realidadaumentada\/wp-json\/wp\/v2\/media?parent=163"}],"curies":[{"name":"wp","href":"https:\/\/api.w.org\/{rel}","templated":true}]}}