{"id":311,"date":"2016-03-16T12:34:29","date_gmt":"2016-03-16T11:34:29","guid":{"rendered":"https:\/\/mensajedepublicidad.com\/realidadaumentada\/?page_id=311"},"modified":"2022-07-12T12:48:14","modified_gmt":"2022-07-12T10:48:14","slug":"neuromarketing","status":"publish","type":"page","link":"https:\/\/mensajedepublicidad.com\/realidadaumentada\/neuromarketing\/","title":{"rendered":"Neuromarketing"},"content":{"rendered":"<p>[et_pb_section fb_built=\u00bb1&#8243; fullwidth=\u00bbon\u00bb custom_padding_last_edited=\u00bbon|desktop\u00bb admin_label=\u00bbSecci\u00f3n\u00bb _builder_version=\u00bb4.16&#8243; background_color=\u00bbrgba(255,255,255,0)\u00bb custom_padding_tablet=\u00bb50px|0|50px|0&#8243; custom_padding_phone=\u00bb\u00bb bottom_divider_style=\u00bbarrow\u00bb bottom_divider_color=\u00bb#ffffff\u00bb transparent_background=\u00bbon\u00bb padding_mobile=\u00bboff\u00bb make_fullwidth=\u00bboff\u00bb use_custom_width=\u00bboff\u00bb width_unit=\u00bbon\u00bb global_colors_info=\u00bb{}\u00bb][et_pb_fullwidth_header title=\u00bbNEUROMARKETING\u00bb text_orientation=\u00bbcenter\u00bb header_fullscreen=\u00bbon\u00bb background_overlay_color=\u00bbrgba(0,0,0,0.56)\u00bb logo_image_url=\u00bbhttps:\/\/mensajedepublicidad.com\/realidadaumentada\/wp-content\/uploads\/2016\/03\/neuromarketing.png\u00bb logo_title=\u00bbNeuromarketing\u00bb content_max_width=\u00bbnone\u00bb title_font_color=\u00bb#cc00e8&#8243; admin_label=\u00bbT\u00edtulo de anchura completa\u00bb _builder_version=\u00bb4.17.4&#8243; title_text_color=\u00bb#cc00e8&#8243; background_color=\u00bb#cc00e8&#8243; background_image=\u00bbhttps:\/\/mensajedepublicidad.com\/realidadaumentada\/wp-content\/uploads\/2016\/01\/media8.png\u00bb custom_button_one=\u00bbon\u00bb hover_enabled=\u00bb0&#8243; background_url=\u00bbhttps:\/\/mensajedepublicidad.com\/realidadaumentada\/wp-content\/uploads\/2016\/01\/media8.png\u00bb button_one_letter_spacing_hover=\u00bb0&#8243; button_two_letter_spacing_hover=\u00bb0&#8243; button_one_bg_color_hover=\u00bb#cc00e8&#8243; global_colors_info=\u00bb{}\u00bb button_one_text_size__hover_enabled=\u00bboff\u00bb button_two_text_size__hover_enabled=\u00bboff\u00bb button_one_text_color__hover_enabled=\u00bboff\u00bb button_two_text_color__hover_enabled=\u00bboff\u00bb button_one_border_width__hover_enabled=\u00bboff\u00bb button_two_border_width__hover_enabled=\u00bboff\u00bb button_one_border_color__hover_enabled=\u00bboff\u00bb button_two_border_color__hover_enabled=\u00bboff\u00bb button_one_border_radius__hover_enabled=\u00bboff\u00bb button_two_border_radius__hover_enabled=\u00bboff\u00bb button_one_letter_spacing__hover_enabled=\u00bbon\u00bb button_one_letter_spacing__hover=\u00bb0&#8243; button_two_letter_spacing__hover_enabled=\u00bbon\u00bb button_two_letter_spacing__hover=\u00bb0&#8243; button_one_bg_color__hover_enabled=\u00bbon\u00bb button_one_bg_color__hover=\u00bb#cc00e8&#8243; button_two_bg_color__hover_enabled=\u00bboff\u00bb title_letter_spacing=\u00bb10px\u00bb sticky_enabled=\u00bb0&#8243;]<\/p>\n<p>&nbsp;<\/p>\n<p>La neurociencia nos proporciona una informaci\u00f3n m\u00e1s precisa que nunca sobre el comportamiento de las personas.<\/p>\n<p>Un conocimiento aplicable a cualquier \u00e1mbito y que aportamos a nuestros clientes para lograr sus objetivos.<\/p>\n<p>[\/et_pb_fullwidth_header][\/et_pb_section][et_pb_section fb_built=\u00bb1&#8243; admin_label=\u00bbSecci\u00f3n\u00bb _builder_version=\u00bb4.16&#8243; global_colors_info=\u00bb{}\u00bb][et_pb_row column_structure=\u00bb1_2,1_2&#8243; admin_label=\u00bbFila\u00bb _builder_version=\u00bb4.16&#8243; background_size=\u00bbinitial\u00bb background_position=\u00bbtop_left\u00bb background_repeat=\u00bbrepeat\u00bb global_colors_info=\u00bb{}\u00bb][et_pb_column type=\u00bb1_2&#8243; _builder_version=\u00bb4.16&#8243; custom_padding=\u00bb|||\u00bb global_colors_info=\u00bb{}\u00bb custom_padding__hover=\u00bb|||\u00bb][et_pb_text admin_label=\u00bbTexto\u00bb _builder_version=\u00bb4.16&#8243; background_size=\u00bbinitial\u00bb background_position=\u00bbtop_left\u00bb background_repeat=\u00bbrepeat\u00bb use_border_color=\u00bboff\u00bb border_color=\u00bb#ffffff\u00bb border_style=\u00bbsolid\u00bb global_colors_info=\u00bb{}\u00bb]<\/p>\n<h2>\u00bfQu\u00e9 es el Neuromarketing?<\/h2>\n<p>[\/et_pb_text][et_pb_text admin_label=\u00bbTexto\u00bb _builder_version=\u00bb4.16&#8243; background_size=\u00bbinitial\u00bb background_position=\u00bbtop_left\u00bb background_repeat=\u00bbrepeat\u00bb use_border_color=\u00bboff\u00bb border_color=\u00bb#ffffff\u00bb border_style=\u00bbsolid\u00bb global_colors_info=\u00bb{}\u00bb]<strong>Observamos<\/strong> a las personas en una determinada situaci\u00f3n. Simulamos una experiencia similar a la que vivir\u00eda en un entorno real.<\/p>\n<p><strong>Medimos<\/strong> emociones y comportamientos usando las \u00faltimas neurotecnolog\u00edas inmersivas. Medidas neurol\u00f3gicas, psicol\u00f3gicas y fisiol\u00f3gicas que nos permiten analizar su comportamiento.<\/p>\n<p><strong>Generamos<\/strong> un conocimiento, un valor \u00fanico para nuestro cliente: trascender el beneficio racional y superar las expectativas del consumidor. Te acercamos a la realidad de tu consumidor y creamos una conexi\u00f3n \u00fanica, una relaci\u00f3n duradera: clientes felices leales a una marca de \u00e9xito.<br \/>\n[\/et_pb_text][et_pb_button button_url=\u00bbhttps:\/\/mensajedepublicidad.com\/realidadaumentada\/contacto\/\u00bb button_text=\u00bbSolicitar una demostraci\u00f3n\u00bb button_alignment=\u00bbleft\u00bb admin_label=\u00bbBot\u00f3n\u00bb _builder_version=\u00bb4.16&#8243; custom_button=\u00bbon\u00bb button_text_color=\u00bb#ffffff\u00bb button_bg_color=\u00bb#cc00e8&#8243; button_border_width=\u00bb0&#8243; button_border_color=\u00bb#cc00e8&#8243; button_text_color_hover=\u00bb#cc00e8&#8243; button_border_color_hover=\u00bb#cc00e8&#8243; button_letter_spacing_hover=\u00bb0&#8243; button_bg_color_hover=\u00bb#ffffff\u00bb global_colors_info=\u00bb{}\u00bb button_text_size__hover_enabled=\u00bboff\u00bb button_one_text_size__hover_enabled=\u00bboff\u00bb button_two_text_size__hover_enabled=\u00bboff\u00bb button_text_color__hover_enabled=\u00bbon\u00bb button_text_color__hover=\u00bb#cc00e8&#8243; button_one_text_color__hover_enabled=\u00bboff\u00bb button_two_text_color__hover_enabled=\u00bboff\u00bb button_border_width__hover_enabled=\u00bboff\u00bb button_one_border_width__hover_enabled=\u00bboff\u00bb button_two_border_width__hover_enabled=\u00bboff\u00bb button_border_color__hover_enabled=\u00bbon\u00bb button_border_color__hover=\u00bb#cc00e8&#8243; button_one_border_color__hover_enabled=\u00bboff\u00bb button_two_border_color__hover_enabled=\u00bboff\u00bb button_border_radius__hover_enabled=\u00bboff\u00bb button_one_border_radius__hover_enabled=\u00bboff\u00bb button_two_border_radius__hover_enabled=\u00bboff\u00bb button_letter_spacing__hover_enabled=\u00bbon\u00bb button_letter_spacing__hover=\u00bb0&#8243; button_one_letter_spacing__hover_enabled=\u00bboff\u00bb button_two_letter_spacing__hover_enabled=\u00bboff\u00bb button_bg_color__hover_enabled=\u00bbon\u00bb button_bg_color__hover=\u00bb#ffffff\u00bb button_one_bg_color__hover_enabled=\u00bboff\u00bb button_two_bg_color__hover_enabled=\u00bboff\u00bb][\/et_pb_button][\/et_pb_column][et_pb_column type=\u00bb1_2&#8243; _builder_version=\u00bb4.16&#8243; custom_padding=\u00bb|||\u00bb global_colors_info=\u00bb{}\u00bb custom_padding__hover=\u00bb|||\u00bb][et_pb_image src=\u00bbhttps:\/\/mensajedepublicidad.com\/realidadaumentada\/wp-content\/uploads\/2016\/03\/image6.jpg\u00bb alt=\u00bbneuromarketing comercial\u00bb align_tablet=\u00bbcenter\u00bb align_phone=\u00bb\u00bb align_last_edited=\u00bbon|desktop\u00bb admin_label=\u00bbImagen\u00bb _builder_version=\u00bb4.16&#8243; animation_style=\u00bbfade\u00bb animation_duration=\u00bb500ms\u00bb use_border_color=\u00bboff\u00bb border_color=\u00bb#ffffff\u00bb border_style=\u00bbsolid\u00bb animation=\u00bbfade_in\u00bb sticky=\u00bboff\u00bb always_center_on_mobile=\u00bbon\u00bb global_colors_info=\u00bb{}\u00bb][\/et_pb_image][\/et_pb_column][\/et_pb_row][\/et_pb_section][et_pb_section fb_built=\u00bb1&#8243; fullwidth=\u00bbon\u00bb custom_padding_last_edited=\u00bbon|desktop\u00bb admin_label=\u00bbSecci\u00f3n\u00bb _builder_version=\u00bb4.16&#8243; background_color=\u00bb#cc00e8&#8243; custom_padding_tablet=\u00bb50px|0|50px|0&#8243; custom_padding_phone=\u00bb\u00bb transparent_background=\u00bboff\u00bb padding_mobile=\u00bboff\u00bb make_fullwidth=\u00bboff\u00bb use_custom_width=\u00bboff\u00bb width_unit=\u00bbon\u00bb global_colors_info=\u00bb{}\u00bb][et_pb_fullwidth_portfolio include_categories=\u00bb3&#8243; posts_number=\u00bb4&#8243; show_date=\u00bboff\u00bb zoom_icon_color=\u00bb#cc00e8&#8243; hover_icon=\u00bb&#x49;||divi||400&#8243; admin_label=\u00bbPortafolios de anchura completa\u00bb _builder_version=\u00bb4.16&#8243; background_size=\u00bbinitial\u00bb background_position=\u00bbtop_left\u00bb background_repeat=\u00bbrepeat\u00bb background_layout=\u00bbdark\u00bb use_border_color=\u00bboff\u00bb border_color=\u00bb#ffffff\u00bb border_style=\u00bbsolid\u00bb global_colors_info=\u00bb{}\u00bb][\/et_pb_fullwidth_portfolio][\/et_pb_section]<\/p>\n","protected":false},"excerpt":{"rendered":"<p>&nbsp; La neurociencia nos proporciona una informaci\u00f3n m\u00e1s precisa que nunca sobre el comportamiento de las personas. Un conocimiento aplicable a cualquier \u00e1mbito y que aportamos a nuestros clientes para lograr sus objetivos.\u00bfQu\u00e9 es el Neuromarketing?Observamos a las personas en una determinada situaci\u00f3n. Simulamos una experiencia similar a la que vivir\u00eda en un entorno real. [&hellip;]<\/p>\n","protected":false},"author":1,"featured_media":0,"parent":0,"menu_order":0,"comment_status":"closed","ping_status":"closed","template":"","meta":{"_et_pb_use_builder":"on","_et_pb_old_content":"","_et_gb_content_width":"","footnotes":""},"class_list":["post-311","page","type-page","status-publish","hentry"],"yoast_head":"<!-- This site is optimized with the Yoast SEO plugin v27.3 - https:\/\/yoast.com\/product\/yoast-seo-wordpress\/ -->\n<title>Neuromarketing<\/title>\n<meta name=\"description\" content=\"La neurociencia nos proporciona una informaci\u00f3n m\u00e1s precisa que nunca sobre el comportamiento de las personas.\" \/>\n<meta name=\"robots\" content=\"index, follow, max-snippet:-1, max-image-preview:large, max-video-preview:-1\" \/>\n<link rel=\"canonical\" href=\"https:\/\/mensajedepublicidad.com\/realidadaumentada\/neuromarketing\/\" \/>\n<meta property=\"og:locale\" content=\"es_ES\" \/>\n<meta property=\"og:type\" content=\"article\" \/>\n<meta property=\"og:title\" content=\"Neuromarketing\" \/>\n<meta property=\"og:description\" content=\"La neurociencia nos proporciona una informaci\u00f3n m\u00e1s precisa que nunca sobre el comportamiento de las personas.\" \/>\n<meta property=\"og:url\" content=\"https:\/\/mensajedepublicidad.com\/realidadaumentada\/neuromarketing\/\" \/>\n<meta property=\"og:site_name\" content=\"Mensaje RA\" \/>\n<meta property=\"article:modified_time\" content=\"2022-07-12T10:48:14+00:00\" \/>\n<meta name=\"twitter:card\" content=\"summary_large_image\" \/>\n<meta name=\"twitter:label1\" content=\"Tiempo de lectura\" \/>\n\t<meta name=\"twitter:data1\" content=\"5 minutos\" \/>\n<script type=\"application\/ld+json\" class=\"yoast-schema-graph\">{\"@context\":\"https:\\\/\\\/schema.org\",\"@graph\":[{\"@type\":\"WebPage\",\"@id\":\"https:\\\/\\\/mensajedepublicidad.com\\\/realidadaumentada\\\/neuromarketing\\\/\",\"url\":\"https:\\\/\\\/mensajedepublicidad.com\\\/realidadaumentada\\\/neuromarketing\\\/\",\"name\":\"Neuromarketing\",\"isPartOf\":{\"@id\":\"https:\\\/\\\/mensajedepublicidad.com\\\/realidadaumentada\\\/#website\"},\"datePublished\":\"2016-03-16T11:34:29+00:00\",\"dateModified\":\"2022-07-12T10:48:14+00:00\",\"description\":\"La neurociencia nos proporciona una informaci\u00f3n m\u00e1s precisa que nunca sobre el comportamiento de las personas.\",\"breadcrumb\":{\"@id\":\"https:\\\/\\\/mensajedepublicidad.com\\\/realidadaumentada\\\/neuromarketing\\\/#breadcrumb\"},\"inLanguage\":\"es\",\"potentialAction\":[{\"@type\":\"ReadAction\",\"target\":[\"https:\\\/\\\/mensajedepublicidad.com\\\/realidadaumentada\\\/neuromarketing\\\/\"]}]},{\"@type\":\"BreadcrumbList\",\"@id\":\"https:\\\/\\\/mensajedepublicidad.com\\\/realidadaumentada\\\/neuromarketing\\\/#breadcrumb\",\"itemListElement\":[{\"@type\":\"ListItem\",\"position\":1,\"name\":\"Portada\",\"item\":\"https:\\\/\\\/mensajedepublicidad.com\\\/realidadaumentada\\\/\"},{\"@type\":\"ListItem\",\"position\":2,\"name\":\"Neuromarketing\"}]},{\"@type\":\"WebSite\",\"@id\":\"https:\\\/\\\/mensajedepublicidad.com\\\/realidadaumentada\\\/#website\",\"url\":\"https:\\\/\\\/mensajedepublicidad.com\\\/realidadaumentada\\\/\",\"name\":\"Mensaje RA\",\"description\":\"Accede a la Realidad Aumentada con Mensaje\",\"potentialAction\":[{\"@type\":\"SearchAction\",\"target\":{\"@type\":\"EntryPoint\",\"urlTemplate\":\"https:\\\/\\\/mensajedepublicidad.com\\\/realidadaumentada\\\/?s={search_term_string}\"},\"query-input\":{\"@type\":\"PropertyValueSpecification\",\"valueRequired\":true,\"valueName\":\"search_term_string\"}}],\"inLanguage\":\"es\"}]}<\/script>\n<!-- \/ Yoast SEO plugin. -->","yoast_head_json":{"title":"Neuromarketing","description":"La neurociencia nos proporciona una informaci\u00f3n m\u00e1s precisa que nunca sobre el comportamiento de las personas.","robots":{"index":"index","follow":"follow","max-snippet":"max-snippet:-1","max-image-preview":"max-image-preview:large","max-video-preview":"max-video-preview:-1"},"canonical":"https:\/\/mensajedepublicidad.com\/realidadaumentada\/neuromarketing\/","og_locale":"es_ES","og_type":"article","og_title":"Neuromarketing","og_description":"La neurociencia nos proporciona una informaci\u00f3n m\u00e1s precisa que nunca sobre el comportamiento de las personas.","og_url":"https:\/\/mensajedepublicidad.com\/realidadaumentada\/neuromarketing\/","og_site_name":"Mensaje RA","article_modified_time":"2022-07-12T10:48:14+00:00","twitter_card":"summary_large_image","twitter_misc":{"Tiempo de lectura":"5 minutos"},"schema":{"@context":"https:\/\/schema.org","@graph":[{"@type":"WebPage","@id":"https:\/\/mensajedepublicidad.com\/realidadaumentada\/neuromarketing\/","url":"https:\/\/mensajedepublicidad.com\/realidadaumentada\/neuromarketing\/","name":"Neuromarketing","isPartOf":{"@id":"https:\/\/mensajedepublicidad.com\/realidadaumentada\/#website"},"datePublished":"2016-03-16T11:34:29+00:00","dateModified":"2022-07-12T10:48:14+00:00","description":"La neurociencia nos proporciona una informaci\u00f3n m\u00e1s precisa que nunca sobre el comportamiento de las personas.","breadcrumb":{"@id":"https:\/\/mensajedepublicidad.com\/realidadaumentada\/neuromarketing\/#breadcrumb"},"inLanguage":"es","potentialAction":[{"@type":"ReadAction","target":["https:\/\/mensajedepublicidad.com\/realidadaumentada\/neuromarketing\/"]}]},{"@type":"BreadcrumbList","@id":"https:\/\/mensajedepublicidad.com\/realidadaumentada\/neuromarketing\/#breadcrumb","itemListElement":[{"@type":"ListItem","position":1,"name":"Portada","item":"https:\/\/mensajedepublicidad.com\/realidadaumentada\/"},{"@type":"ListItem","position":2,"name":"Neuromarketing"}]},{"@type":"WebSite","@id":"https:\/\/mensajedepublicidad.com\/realidadaumentada\/#website","url":"https:\/\/mensajedepublicidad.com\/realidadaumentada\/","name":"Mensaje RA","description":"Accede a la Realidad Aumentada con Mensaje","potentialAction":[{"@type":"SearchAction","target":{"@type":"EntryPoint","urlTemplate":"https:\/\/mensajedepublicidad.com\/realidadaumentada\/?s={search_term_string}"},"query-input":{"@type":"PropertyValueSpecification","valueRequired":true,"valueName":"search_term_string"}}],"inLanguage":"es"}]}},"_links":{"self":[{"href":"https:\/\/mensajedepublicidad.com\/realidadaumentada\/wp-json\/wp\/v2\/pages\/311","targetHints":{"allow":["GET"]}}],"collection":[{"href":"https:\/\/mensajedepublicidad.com\/realidadaumentada\/wp-json\/wp\/v2\/pages"}],"about":[{"href":"https:\/\/mensajedepublicidad.com\/realidadaumentada\/wp-json\/wp\/v2\/types\/page"}],"author":[{"embeddable":true,"href":"https:\/\/mensajedepublicidad.com\/realidadaumentada\/wp-json\/wp\/v2\/users\/1"}],"replies":[{"embeddable":true,"href":"https:\/\/mensajedepublicidad.com\/realidadaumentada\/wp-json\/wp\/v2\/comments?post=311"}],"version-history":[{"count":0,"href":"https:\/\/mensajedepublicidad.com\/realidadaumentada\/wp-json\/wp\/v2\/pages\/311\/revisions"}],"wp:attachment":[{"href":"https:\/\/mensajedepublicidad.com\/realidadaumentada\/wp-json\/wp\/v2\/media?parent=311"}],"curies":[{"name":"wp","href":"https:\/\/api.w.org\/{rel}","templated":true}]}}