{"id":324,"date":"2016-03-16T12:51:54","date_gmt":"2016-03-16T12:51:54","guid":{"rendered":"https:\/\/mensajedepublicidad.com\/realidadaumentada\/?page_id=324"},"modified":"2022-07-12T12:43:08","modified_gmt":"2022-07-12T10:43:08","slug":"sistemas-tactiles","status":"publish","type":"page","link":"https:\/\/mensajedepublicidad.com\/realidadaumentada\/sistemas-tactiles\/","title":{"rendered":"Sistemas t\u00e1ctiles"},"content":{"rendered":"<p>[et_pb_section fb_built=\u00bb1&#8243; inner_shadow=\u00bbon\u00bb fullwidth=\u00bbon\u00bb custom_padding_last_edited=\u00bbon|desktop\u00bb next_background_color=\u00bb#ffffff\u00bb _builder_version=\u00bb4.16&#8243; background_color=\u00bbrgba(255,255,255,0)\u00bb parallax=\u00bbon\u00bb parallax_method=\u00bboff\u00bb custom_padding_tablet=\u00bb50px|0|50px|0&#8243; custom_padding_phone=\u00bb\u00bb bottom_divider_style=\u00bbarrow\u00bb transparent_background=\u00bbon\u00bb padding_mobile=\u00bboff\u00bb global_colors_info=\u00bb{}\u00bb][et_pb_fullwidth_header title=\u00bbSISTEMAS T\u00c1CTILES\u00bb subhead=\u00bbTocar es bueno\u00bb text_orientation=\u00bbcenter\u00bb header_fullscreen=\u00bbon\u00bb background_overlay_color=\u00bbrgba(0,0,0,0.56)\u00bb logo_image_url=\u00bbhttps:\/\/mensajedepublicidad.com\/realidadaumentada\/wp-content\/uploads\/2016\/03\/icono-tactil.png\u00bb content_max_width=\u00bbnone\u00bb title_font_color=\u00bb#00efcf\u00bb _builder_version=\u00bb4.17.4&#8243; title_text_color=\u00bb#00efcf\u00bb background_color=\u00bb#00efcf\u00bb background_image=\u00bbhttps:\/\/mensajedepublicidad.com\/realidadaumentada\/wp-content\/uploads\/2016\/03\/image23.jpeg\u00bb parallax=\u00bbon\u00bb parallax_method=\u00bbon\u00bb hover_enabled=\u00bb0&#8243; background_url=\u00bbhttps:\/\/mensajedepublicidad.com\/realidadaumentada\/wp-content\/uploads\/2016\/03\/image23.jpeg\u00bb button_one_letter_spacing_hover=\u00bb0&#8243; button_two_letter_spacing_hover=\u00bb0&#8243; global_colors_info=\u00bb{}\u00bb button_one_text_size__hover_enabled=\u00bboff\u00bb button_two_text_size__hover_enabled=\u00bboff\u00bb button_one_text_color__hover_enabled=\u00bboff\u00bb button_two_text_color__hover_enabled=\u00bboff\u00bb button_one_border_width__hover_enabled=\u00bboff\u00bb button_two_border_width__hover_enabled=\u00bboff\u00bb button_one_border_color__hover_enabled=\u00bboff\u00bb button_two_border_color__hover_enabled=\u00bboff\u00bb button_one_border_radius__hover_enabled=\u00bboff\u00bb button_two_border_radius__hover_enabled=\u00bboff\u00bb button_one_letter_spacing__hover_enabled=\u00bbon\u00bb button_one_letter_spacing__hover=\u00bb0&#8243; button_two_letter_spacing__hover_enabled=\u00bbon\u00bb button_two_letter_spacing__hover=\u00bb0&#8243; button_one_bg_color__hover_enabled=\u00bboff\u00bb button_two_bg_color__hover_enabled=\u00bboff\u00bb title_letter_spacing=\u00bb10px\u00bb sticky_enabled=\u00bb0&#8243;][\/et_pb_fullwidth_header][\/et_pb_section][et_pb_section fb_built=\u00bb1&#8243; _builder_version=\u00bb4.16&#8243; global_colors_info=\u00bb{}\u00bb][et_pb_row column_structure=\u00bb1_2,1_2&#8243; _builder_version=\u00bb4.16&#8243; background_size=\u00bbinitial\u00bb background_position=\u00bbtop_left\u00bb background_repeat=\u00bbrepeat\u00bb global_colors_info=\u00bb{}\u00bb][et_pb_column type=\u00bb1_2&#8243; _builder_version=\u00bb4.16&#8243; custom_padding=\u00bb|||\u00bb global_colors_info=\u00bb{}\u00bb custom_padding__hover=\u00bb|||\u00bb][et_pb_text _builder_version=\u00bb4.16&#8243; background_size=\u00bbinitial\u00bb background_position=\u00bbtop_left\u00bb background_repeat=\u00bbrepeat\u00bb use_border_color=\u00bboff\u00bb border_color=\u00bb#ffffff\u00bb border_style=\u00bbsolid\u00bb global_colors_info=\u00bb{}\u00bb]<\/p>\n<h2>Una\u00a0nueva generaci\u00f3n de sistemas t\u00e1ctiles<\/h2>\n<p>[\/et_pb_text][et_pb_text _builder_version=\u00bb4.16&#8243; background_size=\u00bbinitial\u00bb background_position=\u00bbtop_left\u00bb background_repeat=\u00bbrepeat\u00bb use_border_color=\u00bboff\u00bb border_color=\u00bb#ffffff\u00bb border_style=\u00bbsolid\u00bb global_colors_info=\u00bb{}\u00bb]Los sistemas t\u00e1ctiles nos permiten ofrecer al consumidor algo que es una tendencia al alza, convertirle en actor de la comunicaci\u00f3n.<\/p>\n<p>Ya no es un sujeto pasivo que recibe la informaci\u00f3n, sino que dirige sus intereses y decisiones. Los sistemas t\u00e1ctiles ofrecen al consumidor una mejor experiencia de compra, m\u00e1s informaci\u00f3n en el punto de adquisici\u00f3n as\u00ed como un mejor registro de los productos y servicios que realmente desea.<\/p>\n<p>Podemos crear pantallas t\u00e1ctiles hasta de 6 metros de largo y 2 metros de alto, donde pueden actuar varias personas a la vez.<br \/>\n[\/et_pb_text][et_pb_button button_url=\u00bbhttps:\/\/mensajedepublicidad.com\/realidadaumentada\/contacto\/\u00bb button_text=\u00bbSolicitar una demostraci\u00f3n\u00bb button_alignment=\u00bbleft\u00bb _builder_version=\u00bb4.16&#8243; custom_button=\u00bbon\u00bb button_text_color=\u00bb#3a3a3a\u00bb button_bg_color=\u00bb#00efcf\u00bb button_border_width=\u00bb0&#8243; button_border_color=\u00bb#00efcf\u00bb button_text_color_hover=\u00bb#00efcf\u00bb button_border_color_hover=\u00bb#00efcf\u00bb button_letter_spacing_hover=\u00bb0&#8243; button_bg_color_hover=\u00bb#ffffff\u00bb global_colors_info=\u00bb{}\u00bb button_text_size__hover_enabled=\u00bboff\u00bb button_one_text_size__hover_enabled=\u00bboff\u00bb button_two_text_size__hover_enabled=\u00bboff\u00bb button_text_color__hover_enabled=\u00bbon\u00bb button_text_color__hover=\u00bb#00efcf\u00bb button_one_text_color__hover_enabled=\u00bboff\u00bb button_two_text_color__hover_enabled=\u00bboff\u00bb button_border_width__hover_enabled=\u00bboff\u00bb button_one_border_width__hover_enabled=\u00bboff\u00bb button_two_border_width__hover_enabled=\u00bboff\u00bb button_border_color__hover_enabled=\u00bbon\u00bb button_border_color__hover=\u00bb#00efcf\u00bb button_one_border_color__hover_enabled=\u00bboff\u00bb button_two_border_color__hover_enabled=\u00bboff\u00bb button_border_radius__hover_enabled=\u00bboff\u00bb button_one_border_radius__hover_enabled=\u00bboff\u00bb button_two_border_radius__hover_enabled=\u00bboff\u00bb button_letter_spacing__hover_enabled=\u00bbon\u00bb button_letter_spacing__hover=\u00bb0&#8243; button_one_letter_spacing__hover_enabled=\u00bboff\u00bb button_two_letter_spacing__hover_enabled=\u00bboff\u00bb button_bg_color__hover_enabled=\u00bbon\u00bb button_bg_color__hover=\u00bb#ffffff\u00bb button_one_bg_color__hover_enabled=\u00bboff\u00bb button_two_bg_color__hover_enabled=\u00bboff\u00bb][\/et_pb_button][\/et_pb_column][et_pb_column type=\u00bb1_2&#8243; _builder_version=\u00bb4.16&#8243; custom_padding=\u00bb|||\u00bb global_colors_info=\u00bb{}\u00bb custom_padding__hover=\u00bb|||\u00bb][et_pb_image src=\u00bbhttps:\/\/mensajedepublicidad.com\/realidadaumentada\/wp-content\/uploads\/2016\/03\/touch.jpg\u00bb alt=\u00bbneuromarketing comercial\u00bb align_tablet=\u00bbcenter\u00bb align_phone=\u00bb\u00bb align_last_edited=\u00bbon|desktop\u00bb _builder_version=\u00bb4.16&#8243; animation_style=\u00bbfade\u00bb animation_duration=\u00bb500ms\u00bb use_border_color=\u00bboff\u00bb border_color=\u00bb#ffffff\u00bb border_style=\u00bbsolid\u00bb animation=\u00bbfade_in\u00bb sticky=\u00bboff\u00bb always_center_on_mobile=\u00bbon\u00bb global_colors_info=\u00bb{}\u00bb][\/et_pb_image][\/et_pb_column][\/et_pb_row][\/et_pb_section][et_pb_section fb_built=\u00bb1&#8243; fullwidth=\u00bbon\u00bb custom_padding_last_edited=\u00bbon|desktop\u00bb _builder_version=\u00bb4.16&#8243; background_color=\u00bb#00efcf\u00bb custom_padding_tablet=\u00bb50px|0|50px|0&#8243; custom_padding_phone=\u00bb\u00bb transparent_background=\u00bboff\u00bb padding_mobile=\u00bboff\u00bb make_fullwidth=\u00bboff\u00bb use_custom_width=\u00bboff\u00bb width_unit=\u00bbon\u00bb global_colors_info=\u00bb{}\u00bb][et_pb_fullwidth_portfolio fullwidth=\u00bboff\u00bb include_categories=\u00bb4&#8243; posts_number=\u00bb14&#8243; show_date=\u00bboff\u00bb zoom_icon_color=\u00bb#00efcf\u00bb hover_overlay_color=\u00bbrgba(0,94,91,0.73)\u00bb hover_icon=\u00bb&#x49;||divi||400&#8243; _builder_version=\u00bb4.16&#8243; background_size=\u00bbinitial\u00bb background_position=\u00bbtop_left\u00bb background_repeat=\u00bbrepeat\u00bb background_layout=\u00bbdark\u00bb use_border_color=\u00bboff\u00bb border_color=\u00bb#ffffff\u00bb border_style=\u00bbsolid\u00bb global_colors_info=\u00bb{}\u00bb][\/et_pb_fullwidth_portfolio][\/et_pb_section]<\/p>\n","protected":false},"excerpt":{"rendered":"<p>Una\u00a0nueva generaci\u00f3n de sistemas t\u00e1ctiles Los sistemas t\u00e1ctiles nos permiten ofrecer al consumidor algo que es una tendencia al alza, convertirle en actor de la comunicaci\u00f3n. Ya no es un sujeto pasivo que recibe la informaci\u00f3n, sino que dirige sus intereses y decisiones. Los sistemas t\u00e1ctiles ofrecen al consumidor una mejor experiencia de compra, m\u00e1s [&hellip;]<\/p>\n","protected":false},"author":1,"featured_media":259,"parent":0,"menu_order":0,"comment_status":"closed","ping_status":"closed","template":"","meta":{"_et_pb_use_builder":"on","_et_pb_old_content":"","_et_gb_content_width":"","footnotes":""},"class_list":["post-324","page","type-page","status-publish","has-post-thumbnail","hentry"],"yoast_head":"<!-- This site is optimized with the Yoast SEO plugin v27.3 - https:\/\/yoast.com\/product\/yoast-seo-wordpress\/ -->\n<title>Sistemas t\u00e1ctiles - Mensaje RA<\/title>\n<meta name=\"description\" content=\"Con los nuevos sistemas t\u00e1ctiles, creamos una experiencia interactiva audiovisual para enriquecer el efecto sensorial sobre el consumidor.\" \/>\n<meta name=\"robots\" content=\"index, follow, max-snippet:-1, max-image-preview:large, max-video-preview:-1\" \/>\n<link rel=\"canonical\" href=\"https:\/\/mensajedepublicidad.com\/realidadaumentada\/sistemas-tactiles\/\" \/>\n<meta property=\"og:locale\" content=\"es_ES\" \/>\n<meta property=\"og:type\" content=\"article\" \/>\n<meta property=\"og:title\" content=\"Sistemas t\u00e1ctiles - Mensaje RA\" \/>\n<meta property=\"og:description\" content=\"Con los nuevos sistemas t\u00e1ctiles, creamos una experiencia interactiva audiovisual para enriquecer el efecto sensorial sobre el consumidor.\" \/>\n<meta property=\"og:url\" content=\"https:\/\/mensajedepublicidad.com\/realidadaumentada\/sistemas-tactiles\/\" \/>\n<meta property=\"og:site_name\" content=\"Mensaje RA\" \/>\n<meta property=\"article:modified_time\" content=\"2022-07-12T10:43:08+00:00\" \/>\n<meta property=\"og:image\" content=\"https:\/\/mensajedepublicidad.com\/realidadaumentada\/wp-content\/uploads\/2016\/03\/image23.jpeg\" \/>\n\t<meta property=\"og:image:width\" content=\"1000\" \/>\n\t<meta property=\"og:image:height\" content=\"667\" \/>\n\t<meta property=\"og:image:type\" content=\"image\/jpeg\" \/>\n<meta name=\"twitter:card\" content=\"summary_large_image\" \/>\n<meta name=\"twitter:label1\" content=\"Tiempo de lectura\" \/>\n\t<meta name=\"twitter:data1\" content=\"4 minutos\" \/>\n<script type=\"application\/ld+json\" class=\"yoast-schema-graph\">{\"@context\":\"https:\\\/\\\/schema.org\",\"@graph\":[{\"@type\":\"WebPage\",\"@id\":\"https:\\\/\\\/mensajedepublicidad.com\\\/realidadaumentada\\\/sistemas-tactiles\\\/\",\"url\":\"https:\\\/\\\/mensajedepublicidad.com\\\/realidadaumentada\\\/sistemas-tactiles\\\/\",\"name\":\"Sistemas t\u00e1ctiles - Mensaje RA\",\"isPartOf\":{\"@id\":\"https:\\\/\\\/mensajedepublicidad.com\\\/realidadaumentada\\\/#website\"},\"primaryImageOfPage\":{\"@id\":\"https:\\\/\\\/mensajedepublicidad.com\\\/realidadaumentada\\\/sistemas-tactiles\\\/#primaryimage\"},\"image\":{\"@id\":\"https:\\\/\\\/mensajedepublicidad.com\\\/realidadaumentada\\\/sistemas-tactiles\\\/#primaryimage\"},\"thumbnailUrl\":\"https:\\\/\\\/mensajedepublicidad.com\\\/realidadaumentada\\\/wp-content\\\/uploads\\\/2016\\\/03\\\/image23.jpeg\",\"datePublished\":\"2016-03-16T12:51:54+00:00\",\"dateModified\":\"2022-07-12T10:43:08+00:00\",\"description\":\"Con los nuevos sistemas t\u00e1ctiles, creamos una experiencia interactiva audiovisual para enriquecer el efecto sensorial sobre el consumidor.\",\"breadcrumb\":{\"@id\":\"https:\\\/\\\/mensajedepublicidad.com\\\/realidadaumentada\\\/sistemas-tactiles\\\/#breadcrumb\"},\"inLanguage\":\"es\",\"potentialAction\":[{\"@type\":\"ReadAction\",\"target\":[\"https:\\\/\\\/mensajedepublicidad.com\\\/realidadaumentada\\\/sistemas-tactiles\\\/\"]}]},{\"@type\":\"ImageObject\",\"inLanguage\":\"es\",\"@id\":\"https:\\\/\\\/mensajedepublicidad.com\\\/realidadaumentada\\\/sistemas-tactiles\\\/#primaryimage\",\"url\":\"https:\\\/\\\/mensajedepublicidad.com\\\/realidadaumentada\\\/wp-content\\\/uploads\\\/2016\\\/03\\\/image23.jpeg\",\"contentUrl\":\"https:\\\/\\\/mensajedepublicidad.com\\\/realidadaumentada\\\/wp-content\\\/uploads\\\/2016\\\/03\\\/image23.jpeg\",\"width\":1000,\"height\":667,\"caption\":\"Sistemas t\u00e1ctiles interactivos\"},{\"@type\":\"BreadcrumbList\",\"@id\":\"https:\\\/\\\/mensajedepublicidad.com\\\/realidadaumentada\\\/sistemas-tactiles\\\/#breadcrumb\",\"itemListElement\":[{\"@type\":\"ListItem\",\"position\":1,\"name\":\"Portada\",\"item\":\"https:\\\/\\\/mensajedepublicidad.com\\\/realidadaumentada\\\/\"},{\"@type\":\"ListItem\",\"position\":2,\"name\":\"Sistemas t\u00e1ctiles\"}]},{\"@type\":\"WebSite\",\"@id\":\"https:\\\/\\\/mensajedepublicidad.com\\\/realidadaumentada\\\/#website\",\"url\":\"https:\\\/\\\/mensajedepublicidad.com\\\/realidadaumentada\\\/\",\"name\":\"Mensaje RA\",\"description\":\"Accede a la Realidad Aumentada con Mensaje\",\"potentialAction\":[{\"@type\":\"SearchAction\",\"target\":{\"@type\":\"EntryPoint\",\"urlTemplate\":\"https:\\\/\\\/mensajedepublicidad.com\\\/realidadaumentada\\\/?s={search_term_string}\"},\"query-input\":{\"@type\":\"PropertyValueSpecification\",\"valueRequired\":true,\"valueName\":\"search_term_string\"}}],\"inLanguage\":\"es\"}]}<\/script>\n<!-- \/ Yoast SEO plugin. -->","yoast_head_json":{"title":"Sistemas t\u00e1ctiles - Mensaje RA","description":"Con los nuevos sistemas t\u00e1ctiles, creamos una experiencia interactiva audiovisual para enriquecer el efecto sensorial sobre el consumidor.","robots":{"index":"index","follow":"follow","max-snippet":"max-snippet:-1","max-image-preview":"max-image-preview:large","max-video-preview":"max-video-preview:-1"},"canonical":"https:\/\/mensajedepublicidad.com\/realidadaumentada\/sistemas-tactiles\/","og_locale":"es_ES","og_type":"article","og_title":"Sistemas t\u00e1ctiles - Mensaje RA","og_description":"Con los nuevos sistemas t\u00e1ctiles, creamos una experiencia interactiva audiovisual para enriquecer el efecto sensorial sobre el consumidor.","og_url":"https:\/\/mensajedepublicidad.com\/realidadaumentada\/sistemas-tactiles\/","og_site_name":"Mensaje RA","article_modified_time":"2022-07-12T10:43:08+00:00","og_image":[{"width":1000,"height":667,"url":"https:\/\/mensajedepublicidad.com\/realidadaumentada\/wp-content\/uploads\/2016\/03\/image23.jpeg","type":"image\/jpeg"}],"twitter_card":"summary_large_image","twitter_misc":{"Tiempo de lectura":"4 minutos"},"schema":{"@context":"https:\/\/schema.org","@graph":[{"@type":"WebPage","@id":"https:\/\/mensajedepublicidad.com\/realidadaumentada\/sistemas-tactiles\/","url":"https:\/\/mensajedepublicidad.com\/realidadaumentada\/sistemas-tactiles\/","name":"Sistemas t\u00e1ctiles - Mensaje RA","isPartOf":{"@id":"https:\/\/mensajedepublicidad.com\/realidadaumentada\/#website"},"primaryImageOfPage":{"@id":"https:\/\/mensajedepublicidad.com\/realidadaumentada\/sistemas-tactiles\/#primaryimage"},"image":{"@id":"https:\/\/mensajedepublicidad.com\/realidadaumentada\/sistemas-tactiles\/#primaryimage"},"thumbnailUrl":"https:\/\/mensajedepublicidad.com\/realidadaumentada\/wp-content\/uploads\/2016\/03\/image23.jpeg","datePublished":"2016-03-16T12:51:54+00:00","dateModified":"2022-07-12T10:43:08+00:00","description":"Con los nuevos sistemas t\u00e1ctiles, creamos una experiencia interactiva audiovisual para enriquecer el efecto sensorial sobre el consumidor.","breadcrumb":{"@id":"https:\/\/mensajedepublicidad.com\/realidadaumentada\/sistemas-tactiles\/#breadcrumb"},"inLanguage":"es","potentialAction":[{"@type":"ReadAction","target":["https:\/\/mensajedepublicidad.com\/realidadaumentada\/sistemas-tactiles\/"]}]},{"@type":"ImageObject","inLanguage":"es","@id":"https:\/\/mensajedepublicidad.com\/realidadaumentada\/sistemas-tactiles\/#primaryimage","url":"https:\/\/mensajedepublicidad.com\/realidadaumentada\/wp-content\/uploads\/2016\/03\/image23.jpeg","contentUrl":"https:\/\/mensajedepublicidad.com\/realidadaumentada\/wp-content\/uploads\/2016\/03\/image23.jpeg","width":1000,"height":667,"caption":"Sistemas t\u00e1ctiles interactivos"},{"@type":"BreadcrumbList","@id":"https:\/\/mensajedepublicidad.com\/realidadaumentada\/sistemas-tactiles\/#breadcrumb","itemListElement":[{"@type":"ListItem","position":1,"name":"Portada","item":"https:\/\/mensajedepublicidad.com\/realidadaumentada\/"},{"@type":"ListItem","position":2,"name":"Sistemas t\u00e1ctiles"}]},{"@type":"WebSite","@id":"https:\/\/mensajedepublicidad.com\/realidadaumentada\/#website","url":"https:\/\/mensajedepublicidad.com\/realidadaumentada\/","name":"Mensaje RA","description":"Accede a la Realidad Aumentada con Mensaje","potentialAction":[{"@type":"SearchAction","target":{"@type":"EntryPoint","urlTemplate":"https:\/\/mensajedepublicidad.com\/realidadaumentada\/?s={search_term_string}"},"query-input":{"@type":"PropertyValueSpecification","valueRequired":true,"valueName":"search_term_string"}}],"inLanguage":"es"}]}},"_links":{"self":[{"href":"https:\/\/mensajedepublicidad.com\/realidadaumentada\/wp-json\/wp\/v2\/pages\/324","targetHints":{"allow":["GET"]}}],"collection":[{"href":"https:\/\/mensajedepublicidad.com\/realidadaumentada\/wp-json\/wp\/v2\/pages"}],"about":[{"href":"https:\/\/mensajedepublicidad.com\/realidadaumentada\/wp-json\/wp\/v2\/types\/page"}],"author":[{"embeddable":true,"href":"https:\/\/mensajedepublicidad.com\/realidadaumentada\/wp-json\/wp\/v2\/users\/1"}],"replies":[{"embeddable":true,"href":"https:\/\/mensajedepublicidad.com\/realidadaumentada\/wp-json\/wp\/v2\/comments?post=324"}],"version-history":[{"count":0,"href":"https:\/\/mensajedepublicidad.com\/realidadaumentada\/wp-json\/wp\/v2\/pages\/324\/revisions"}],"wp:featuredmedia":[{"embeddable":true,"href":"https:\/\/mensajedepublicidad.com\/realidadaumentada\/wp-json\/wp\/v2\/media\/259"}],"wp:attachment":[{"href":"https:\/\/mensajedepublicidad.com\/realidadaumentada\/wp-json\/wp\/v2\/media?parent=324"}],"curies":[{"name":"wp","href":"https:\/\/api.w.org\/{rel}","templated":true}]}}