{"id":3890,"date":"2019-07-19T12:40:12","date_gmt":"2019-07-19T10:40:12","guid":{"rendered":"https:\/\/mensajedepublicidad.com\/realidadaumentada\/?page_id=3890"},"modified":"2022-07-12T12:47:16","modified_gmt":"2022-07-12T10:47:16","slug":"realidad-mixta-2","status":"publish","type":"page","link":"https:\/\/mensajedepublicidad.com\/realidadaumentada\/realidad-mixta-2\/","title":{"rendered":"Realidad Mixta"},"content":{"rendered":"<p>[et_pb_section fb_built=\u00bb1&#8243; inner_shadow=\u00bbon\u00bb fullwidth=\u00bbon\u00bb custom_padding_last_edited=\u00bbon|desktop\u00bb next_background_color=\u00bb#ffffff\u00bb _builder_version=\u00bb4.16&#8243; use_background_color_gradient=\u00bbon\u00bb background_color_gradient_direction=\u00bb49deg\u00bb background_color_gradient_stops=\u00bb#f9c300 0%|#ff6b8b 100%\u00bb background_color_gradient_start=\u00bb#f9c300&#8243; background_color_gradient_end=\u00bb#ff6b8b\u00bb background_image=\u00bbhttps:\/\/mensajedepublicidad.com\/realidadaumentada\/wp-content\/uploads\/2019\/07\/Sin-ti\u0301tulo.jpg\u00bb background_blend=\u00bbluminosity\u00bb custom_padding_tablet=\u00bb50px|0|50px|0&#8243; custom_padding_phone=\u00bb\u00bb bottom_divider_style=\u00bbarrow\u00bb padding_mobile=\u00bboff\u00bb global_colors_info=\u00bb{}\u00bb][et_pb_fullwidth_header title=\u00bbREALIDAD MIXTA\u00bb subhead=\u00bbRealidad Aumentada + Realidad inmersiva\u00bb text_orientation=\u00bbcenter\u00bb header_fullscreen=\u00bbon\u00bb background_overlay_color=\u00bbrgba(0,0,0,0)\u00bb logo_image_url=\u00bbhttps:\/\/mensajedepublicidad.com\/realidadaumentada\/wp-content\/uploads\/2019\/07\/realidad-mixta.png\u00bb content_max_width=\u00bbnone\u00bb title_font_color=\u00bb#f9c300&#8243; _builder_version=\u00bb4.17.4&#8243; title_text_color=\u00bb#f9c300&#8243; background_enable_color=\u00bboff\u00bb background_color_gradient_direction=\u00bb47deg\u00bb background_enable_image=\u00bboff\u00bb parallax=\u00bbon\u00bb parallax_method=\u00bbon\u00bb custom_button_one=\u00bbon\u00bb custom_button_two=\u00bbon\u00bb hover_enabled=\u00bb0&#8243; background_url=\u00bbhttps:\/\/mensajedepublicidad.com\/realidadaumentada\/wp-content\/uploads\/2016\/03\/realidad-aumentada.png\u00bb button_one_letter_spacing_hover=\u00bb0&#8243; button_two_letter_spacing_hover=\u00bb0&#8243; global_colors_info=\u00bb{}\u00bb button_one_text_size__hover_enabled=\u00bboff\u00bb button_two_text_size__hover_enabled=\u00bboff\u00bb button_one_text_color__hover_enabled=\u00bboff\u00bb button_two_text_color__hover_enabled=\u00bboff\u00bb button_one_border_width__hover_enabled=\u00bboff\u00bb button_two_border_width__hover_enabled=\u00bboff\u00bb button_one_border_color__hover_enabled=\u00bboff\u00bb button_two_border_color__hover_enabled=\u00bboff\u00bb button_one_border_radius__hover_enabled=\u00bboff\u00bb button_two_border_radius__hover_enabled=\u00bboff\u00bb button_one_letter_spacing__hover_enabled=\u00bbon\u00bb button_one_letter_spacing__hover=\u00bb0&#8243; button_two_letter_spacing__hover_enabled=\u00bbon\u00bb button_two_letter_spacing__hover=\u00bb0&#8243; button_one_bg_color__hover_enabled=\u00bbon\u00bb button_one_bg_color__hover=\u00bb#ffffff\u00bb button_two_bg_color__hover_enabled=\u00bbon\u00bb button_two_bg_color__hover=\u00bb#ffffff\u00bb title_letter_spacing=\u00bb10px\u00bb sticky_enabled=\u00bb0&#8243;][\/et_pb_fullwidth_header][\/et_pb_section][et_pb_section fb_built=\u00bb1&#8243; _builder_version=\u00bb4.16&#8243; global_colors_info=\u00bb{}\u00bb][et_pb_row column_structure=\u00bb1_2,1_2&#8243; _builder_version=\u00bb4.16&#8243; background_size=\u00bbinitial\u00bb background_position=\u00bbtop_left\u00bb background_repeat=\u00bbrepeat\u00bb global_colors_info=\u00bb{}\u00bb][et_pb_column type=\u00bb1_2&#8243; _builder_version=\u00bb4.16&#8243; custom_padding=\u00bb|||\u00bb global_colors_info=\u00bb{}\u00bb custom_padding__hover=\u00bb|||\u00bb][et_pb_text _builder_version=\u00bb4.16&#8243; background_size=\u00bbinitial\u00bb background_position=\u00bbtop_left\u00bb background_repeat=\u00bbrepeat\u00bb use_border_color=\u00bboff\u00bb border_color=\u00bb#ffffff\u00bb border_style=\u00bbsolid\u00bb global_colors_info=\u00bb{}\u00bb]<\/p>\n<h2>\u00bfQu\u00e9 es la Realidad Mixta?<\/h2>\n<p>[\/et_pb_text][et_pb_text _builder_version=\u00bb4.16&#8243; background_size=\u00bbinitial\u00bb background_position=\u00bbtop_left\u00bb background_repeat=\u00bbrepeat\u00bb use_border_color=\u00bboff\u00bb border_color=\u00bb#ffffff\u00bb border_style=\u00bbsolid\u00bb global_colors_info=\u00bb{}\u00bb]<\/p>\n<p>La Realidad Mixta es un paso m\u00e1s all\u00e1 de la Realidad Aumentada y de la Realidad Inmersiva, ya que combina lo mejor de cada una de ellas. Es decir, mezcla la interactividad de la Realidad Virtual y el poder visual de la Realidad Aumentada.<\/p>\n<p>Este sistema permite al usuario ingresar en un entorno real en el que permite interactuar con elementos virtuales.<\/p>\n<p>[\/et_pb_text][et_pb_button button_url=\u00bbhttps:\/\/mensajedepublicidad.com\/realidadaumentada\/contacto\/\u00bb button_text=\u00bbSolicitar una demostraci\u00f3n\u00bb button_alignment=\u00bbleft\u00bb _builder_version=\u00bb4.16&#8243; custom_button=\u00bbon\u00bb button_text_color=\u00bb#3a3a3a\u00bb button_bg_color=\u00bb#f9c300&#8243; button_bg_use_color_gradient=\u00bbon\u00bb button_bg_color_gradient_direction=\u00bb40deg\u00bb button_bg_color_gradient_stops=\u00bb#f9c300 0%|#ff6b8b 100%\u00bb button_bg_color_gradient_start=\u00bb#f9c300&#8243; button_bg_color_gradient_end=\u00bb#ff6b8b\u00bb button_border_width=\u00bb0&#8243; button_border_color=\u00bb#f7c922&#8243; button_icon_color=\u00bb#f9c300&#8243; button_border_color_hover=\u00bb#f9c300&#8243; button_letter_spacing_hover=\u00bb0&#8243; button_bg_color_hover=\u00bb#ffffff\u00bb global_colors_info=\u00bb{}\u00bb button_text_size__hover_enabled=\u00bboff\u00bb button_one_text_size__hover_enabled=\u00bboff\u00bb button_two_text_size__hover_enabled=\u00bboff\u00bb button_text_color__hover_enabled=\u00bboff\u00bb button_one_text_color__hover_enabled=\u00bboff\u00bb button_two_text_color__hover_enabled=\u00bboff\u00bb button_border_width__hover_enabled=\u00bboff\u00bb button_one_border_width__hover_enabled=\u00bboff\u00bb button_two_border_width__hover_enabled=\u00bboff\u00bb button_border_color__hover_enabled=\u00bbon\u00bb button_border_color__hover=\u00bb#f9c300&#8243; button_one_border_color__hover_enabled=\u00bboff\u00bb button_two_border_color__hover_enabled=\u00bboff\u00bb button_border_radius__hover_enabled=\u00bboff\u00bb button_one_border_radius__hover_enabled=\u00bboff\u00bb button_two_border_radius__hover_enabled=\u00bboff\u00bb button_letter_spacing__hover_enabled=\u00bbon\u00bb button_letter_spacing__hover=\u00bb0&#8243; button_one_letter_spacing__hover_enabled=\u00bboff\u00bb button_two_letter_spacing__hover_enabled=\u00bboff\u00bb button_bg_color__hover_enabled=\u00bbon\u00bb button_bg_color__hover=\u00bb#ffffff\u00bb button_one_bg_color__hover_enabled=\u00bboff\u00bb button_two_bg_color__hover_enabled=\u00bboff\u00bb][\/et_pb_button][\/et_pb_column][et_pb_column type=\u00bb1_2&#8243; _builder_version=\u00bb4.16&#8243; custom_padding=\u00bb|||\u00bb global_colors_info=\u00bb{}\u00bb custom_padding__hover=\u00bb|||\u00bb][et_pb_text _builder_version=\u00bb4.16&#8243; global_colors_info=\u00bb{}\u00bb]<\/p>\n<p><iframe loading=\"lazy\" title=\"REALIDAD MIXTA PARA FARMACIAS\" width=\"1080\" height=\"608\" src=\"https:\/\/www.youtube.com\/embed\/g4wk2D3bBiw?feature=oembed\" frameborder=\"0\" allow=\"accelerometer; autoplay; encrypted-media; gyroscope; picture-in-picture\" allowfullscreen><\/iframe><\/p>\n<p>[\/et_pb_text][\/et_pb_column][\/et_pb_row][\/et_pb_section][et_pb_section fb_built=\u00bb1&#8243; fullwidth=\u00bbon\u00bb custom_padding_last_edited=\u00bbon|desktop\u00bb _builder_version=\u00bb4.16&#8243; background_color=\u00bb#f9c300&#8243; use_background_color_gradient=\u00bbon\u00bb background_color_gradient_direction=\u00bb218deg\u00bb background_color_gradient_stops=\u00bb#ff6b8b 0%|#f9c300 100%\u00bb background_color_gradient_start=\u00bb#ff6b8b\u00bb background_color_gradient_end=\u00bb#f9c300&#8243; custom_padding_tablet=\u00bb50px|0|50px|0&#8243; custom_padding_phone=\u00bb\u00bb transparent_background=\u00bboff\u00bb padding_mobile=\u00bboff\u00bb make_fullwidth=\u00bboff\u00bb use_custom_width=\u00bboff\u00bb width_unit=\u00bbon\u00bb global_colors_info=\u00bb{}\u00bb][et_pb_fullwidth_portfolio fullwidth=\u00bboff\u00bb include_categories=\u00bb36&#8243; posts_number=\u00bb14&#8243; show_date=\u00bboff\u00bb zoom_icon_color=\u00bb#f7c922&#8243; hover_overlay_color=\u00bbrgba(76,59,9,0.7)\u00bb hover_icon=\u00bb&#x49;||divi||400&#8243; _builder_version=\u00bb4.16&#8243; background_size=\u00bbinitial\u00bb background_position=\u00bbtop_left\u00bb background_repeat=\u00bbrepeat\u00bb background_layout=\u00bbdark\u00bb use_border_color=\u00bboff\u00bb border_color=\u00bb#ffffff\u00bb border_style=\u00bbsolid\u00bb global_colors_info=\u00bb{}\u00bb][\/et_pb_fullwidth_portfolio][\/et_pb_section]<\/p>\n","protected":false},"excerpt":{"rendered":"<p>\u00bfQu\u00e9 es la Realidad Mixta?La Realidad Mixta es un paso m\u00e1s all\u00e1 de la Realidad Aumentada y de la Realidad Inmersiva, ya que combina lo mejor de cada una de ellas. Es decir, mezcla la interactividad de la Realidad Virtual y el poder visual de la Realidad Aumentada. Este sistema permite al usuario ingresar en [&hellip;]<\/p>\n","protected":false},"author":1,"featured_media":0,"parent":0,"menu_order":0,"comment_status":"closed","ping_status":"closed","template":"","meta":{"_et_pb_use_builder":"on","_et_pb_old_content":"","_et_gb_content_width":"","footnotes":""},"class_list":["post-3890","page","type-page","status-publish","hentry"],"yoast_head":"<!-- This site is optimized with the Yoast SEO plugin v27.3 - https:\/\/yoast.com\/product\/yoast-seo-wordpress\/ -->\n<title>Realidad Mixta - Mensaje RA<\/title>\n<meta name=\"robots\" content=\"index, follow, max-snippet:-1, max-image-preview:large, max-video-preview:-1\" \/>\n<link rel=\"canonical\" href=\"https:\/\/mensajedepublicidad.com\/realidadaumentada\/realidad-mixta-2\/\" \/>\n<meta property=\"og:locale\" content=\"es_ES\" \/>\n<meta property=\"og:type\" content=\"article\" \/>\n<meta property=\"og:title\" content=\"Realidad Mixta - Mensaje RA\" \/>\n<meta property=\"og:description\" content=\"\u00bfQu\u00e9 es la Realidad Mixta?La Realidad Mixta es un paso m\u00e1s all\u00e1 de la Realidad Aumentada y de la Realidad Inmersiva, ya que combina lo mejor de cada una de ellas. Es decir, mezcla la interactividad de la Realidad Virtual y el poder visual de la Realidad Aumentada. Este sistema permite al usuario ingresar en [&hellip;]\" \/>\n<meta property=\"og:url\" content=\"https:\/\/mensajedepublicidad.com\/realidadaumentada\/realidad-mixta-2\/\" \/>\n<meta property=\"og:site_name\" content=\"Mensaje RA\" \/>\n<meta property=\"article:modified_time\" content=\"2022-07-12T10:47:16+00:00\" \/>\n<meta name=\"twitter:card\" content=\"summary_large_image\" \/>\n<meta name=\"twitter:label1\" content=\"Tiempo de lectura\" \/>\n\t<meta name=\"twitter:data1\" content=\"5 minutos\" \/>\n<script type=\"application\/ld+json\" class=\"yoast-schema-graph\">{\"@context\":\"https:\\\/\\\/schema.org\",\"@graph\":[{\"@type\":\"WebPage\",\"@id\":\"https:\\\/\\\/mensajedepublicidad.com\\\/realidadaumentada\\\/realidad-mixta-2\\\/\",\"url\":\"https:\\\/\\\/mensajedepublicidad.com\\\/realidadaumentada\\\/realidad-mixta-2\\\/\",\"name\":\"Realidad Mixta - Mensaje RA\",\"isPartOf\":{\"@id\":\"https:\\\/\\\/mensajedepublicidad.com\\\/realidadaumentada\\\/#website\"},\"datePublished\":\"2019-07-19T10:40:12+00:00\",\"dateModified\":\"2022-07-12T10:47:16+00:00\",\"breadcrumb\":{\"@id\":\"https:\\\/\\\/mensajedepublicidad.com\\\/realidadaumentada\\\/realidad-mixta-2\\\/#breadcrumb\"},\"inLanguage\":\"es\",\"potentialAction\":[{\"@type\":\"ReadAction\",\"target\":[\"https:\\\/\\\/mensajedepublicidad.com\\\/realidadaumentada\\\/realidad-mixta-2\\\/\"]}]},{\"@type\":\"BreadcrumbList\",\"@id\":\"https:\\\/\\\/mensajedepublicidad.com\\\/realidadaumentada\\\/realidad-mixta-2\\\/#breadcrumb\",\"itemListElement\":[{\"@type\":\"ListItem\",\"position\":1,\"name\":\"Portada\",\"item\":\"https:\\\/\\\/mensajedepublicidad.com\\\/realidadaumentada\\\/\"},{\"@type\":\"ListItem\",\"position\":2,\"name\":\"Realidad Mixta\"}]},{\"@type\":\"WebSite\",\"@id\":\"https:\\\/\\\/mensajedepublicidad.com\\\/realidadaumentada\\\/#website\",\"url\":\"https:\\\/\\\/mensajedepublicidad.com\\\/realidadaumentada\\\/\",\"name\":\"Mensaje RA\",\"description\":\"Accede a la Realidad Aumentada con Mensaje\",\"potentialAction\":[{\"@type\":\"SearchAction\",\"target\":{\"@type\":\"EntryPoint\",\"urlTemplate\":\"https:\\\/\\\/mensajedepublicidad.com\\\/realidadaumentada\\\/?s={search_term_string}\"},\"query-input\":{\"@type\":\"PropertyValueSpecification\",\"valueRequired\":true,\"valueName\":\"search_term_string\"}}],\"inLanguage\":\"es\"}]}<\/script>\n<!-- \/ Yoast SEO plugin. -->","yoast_head_json":{"title":"Realidad Mixta - Mensaje RA","robots":{"index":"index","follow":"follow","max-snippet":"max-snippet:-1","max-image-preview":"max-image-preview:large","max-video-preview":"max-video-preview:-1"},"canonical":"https:\/\/mensajedepublicidad.com\/realidadaumentada\/realidad-mixta-2\/","og_locale":"es_ES","og_type":"article","og_title":"Realidad Mixta - Mensaje RA","og_description":"\u00bfQu\u00e9 es la Realidad Mixta?La Realidad Mixta es un paso m\u00e1s all\u00e1 de la Realidad Aumentada y de la Realidad Inmersiva, ya que combina lo mejor de cada una de ellas. Es decir, mezcla la interactividad de la Realidad Virtual y el poder visual de la Realidad Aumentada. Este sistema permite al usuario ingresar en [&hellip;]","og_url":"https:\/\/mensajedepublicidad.com\/realidadaumentada\/realidad-mixta-2\/","og_site_name":"Mensaje RA","article_modified_time":"2022-07-12T10:47:16+00:00","twitter_card":"summary_large_image","twitter_misc":{"Tiempo de lectura":"5 minutos"},"schema":{"@context":"https:\/\/schema.org","@graph":[{"@type":"WebPage","@id":"https:\/\/mensajedepublicidad.com\/realidadaumentada\/realidad-mixta-2\/","url":"https:\/\/mensajedepublicidad.com\/realidadaumentada\/realidad-mixta-2\/","name":"Realidad Mixta - Mensaje RA","isPartOf":{"@id":"https:\/\/mensajedepublicidad.com\/realidadaumentada\/#website"},"datePublished":"2019-07-19T10:40:12+00:00","dateModified":"2022-07-12T10:47:16+00:00","breadcrumb":{"@id":"https:\/\/mensajedepublicidad.com\/realidadaumentada\/realidad-mixta-2\/#breadcrumb"},"inLanguage":"es","potentialAction":[{"@type":"ReadAction","target":["https:\/\/mensajedepublicidad.com\/realidadaumentada\/realidad-mixta-2\/"]}]},{"@type":"BreadcrumbList","@id":"https:\/\/mensajedepublicidad.com\/realidadaumentada\/realidad-mixta-2\/#breadcrumb","itemListElement":[{"@type":"ListItem","position":1,"name":"Portada","item":"https:\/\/mensajedepublicidad.com\/realidadaumentada\/"},{"@type":"ListItem","position":2,"name":"Realidad Mixta"}]},{"@type":"WebSite","@id":"https:\/\/mensajedepublicidad.com\/realidadaumentada\/#website","url":"https:\/\/mensajedepublicidad.com\/realidadaumentada\/","name":"Mensaje RA","description":"Accede a la Realidad Aumentada con Mensaje","potentialAction":[{"@type":"SearchAction","target":{"@type":"EntryPoint","urlTemplate":"https:\/\/mensajedepublicidad.com\/realidadaumentada\/?s={search_term_string}"},"query-input":{"@type":"PropertyValueSpecification","valueRequired":true,"valueName":"search_term_string"}}],"inLanguage":"es"}]}},"_links":{"self":[{"href":"https:\/\/mensajedepublicidad.com\/realidadaumentada\/wp-json\/wp\/v2\/pages\/3890","targetHints":{"allow":["GET"]}}],"collection":[{"href":"https:\/\/mensajedepublicidad.com\/realidadaumentada\/wp-json\/wp\/v2\/pages"}],"about":[{"href":"https:\/\/mensajedepublicidad.com\/realidadaumentada\/wp-json\/wp\/v2\/types\/page"}],"author":[{"embeddable":true,"href":"https:\/\/mensajedepublicidad.com\/realidadaumentada\/wp-json\/wp\/v2\/users\/1"}],"replies":[{"embeddable":true,"href":"https:\/\/mensajedepublicidad.com\/realidadaumentada\/wp-json\/wp\/v2\/comments?post=3890"}],"version-history":[{"count":0,"href":"https:\/\/mensajedepublicidad.com\/realidadaumentada\/wp-json\/wp\/v2\/pages\/3890\/revisions"}],"wp:attachment":[{"href":"https:\/\/mensajedepublicidad.com\/realidadaumentada\/wp-json\/wp\/v2\/media?parent=3890"}],"curies":[{"name":"wp","href":"https:\/\/api.w.org\/{rel}","templated":true}]}}